{"id":17468,"date":"2013-10-16T12:05:38","date_gmt":"2013-10-16T10:05:38","guid":{"rendered":"http:\/\/ayarlariz.biz\/en\/?page_id=17468"},"modified":"2024-06-27T14:45:45","modified_gmt":"2024-06-27T12:45:45","slug":"istanbul-design-studio-modeling-workshop","status":"publish","type":"page","link":"https:\/\/kilittasi.com\/en\/istanbul-design-studio-modeling-workshop\/","title":{"rendered":"Contact, Location"},"content":{"rendered":"<p>[vc_row row_type=&#8221;row&#8221; use_row_as_full_screen_section=&#8221;no&#8221; type=&#8221;full_width&#8221; angled_section=&#8221;no&#8221; text_align=&#8221;left&#8221; background_image_as_pattern=&#8221;without_pattern&#8221; padding_top=&#8221;0&#8243; padding_bottom=&#8221;50&#8243; css_animation=&#8221;&#8221;][vc_column]<div class='google_map_shortcode_holder' style='height:350px;'><div class='qode_google_map' style='height:350px;' id='map_canvas_25158' data-addresses='[\"41.116507,29.019095\"]' data-custom-map-style='false' data-color-overlay='#393939' data-saturation='-100' data-lightness='-60' data-zoom='10' data-pin='https:\/\/kilittasi.com\/wp-content\/themes\/bridge\/img\/pin.png' data-unique-id='25158' data-google-maps-scroll-wheel='false' data-map-height='350'><\/div><div class='google_map_shortcode_overlay'><\/div><\/div>[\/vc_column][\/vc_row][vc_row row_type=&#8221;row&#8221; use_row_as_full_screen_section=&#8221;no&#8221; type=&#8221;grid&#8221; angled_section=&#8221;no&#8221; text_align=&#8221;left&#8221; background_image_as_pattern=&#8221;without_pattern&#8221; css_animation=&#8221;&#8221;][vc_column width=&#8221;1\/3&#8243;][vc_column_text]<\/p>\n<h5>INDUSTRIAL DESIGN STUDIO &amp;\u00a0WORKSHOP<\/h5>\n<p>[\/vc_column_text][vc_separator type=&#8221;transparent&#8221; up=&#8221;6&#8243; down=&#8221;6&#8243;][vc_column_text]Atat\u00fcrk Oto Sanayi Sitesi, 2. K\u0131s\u0131m 27. Sokak No:1113<\/p>\n<p>Maslak\/Sar\u0131yer TR-34398 Istanbul T\u00fcrkiye<\/p>\n<p>T: +90 212 275 13 41<\/p>\n<p>F: +90 212 275 13 42<\/p>\n<p>Email: info@kilittasi.com[\/vc_column_text][vc_separator type=&#8221;transparent&#8221; up=&#8221;6&#8243; down=&#8221;6&#8243;]<span class='q_social_icon_holder normal_social' ><a itemprop='url' href='https:\/\/www.linkedin.com\/company\/kilit-tasi-design\/' target='_blank'><i class=\"qode_icon_font_awesome fa fa-linkedin fa-lg simple_social\" style=\"\" ><\/i><\/a><\/span><span class='q_social_icon_holder normal_social' ><a itemprop='url' href='http:\/\/instagram.com\/kilit_tasi' target='_blank'><i class=\"qode_icon_font_awesome fa fa-instagram fa-lg simple_social\" style=\"\" ><\/i><\/a><\/span><span class='q_social_icon_holder normal_social' ><a itemprop='url' href='https:\/\/www.facebook.com\/Kilit.Tasi.Design\/' target='_blank'><i class=\"qode_icon_font_awesome fa fa-facebook fa-lg simple_social\" style=\"\" ><\/i><\/a><\/span><span class='q_social_icon_holder normal_social' ><a itemprop='url' href='https:\/\/twitter.com\/kilit_tasi' target='_blank'><i class=\"qode_icon_font_awesome fa fa-twitter fa-lg simple_social\" style=\"\" ><\/i><\/a><\/span>[\/vc_column][vc_column width=&#8221;2\/3&#8243;][vc_column_text]<\/p>\n<h5>CONTACT FORM, GET IN TOUCH WITH US!<\/h5>\n<p>[\/vc_column_text][vc_separator type=&#8221;transparent&#8221; up=&#8221;6&#8243; down=&#8221;6&#8243;]\n<div class=\"wpcf7 no-js\" id=\"wpcf7-f17474-o1\" lang=\"tr-TR\" dir=\"ltr\">\n<div class=\"screen-reader-response\"><p role=\"status\" aria-live=\"polite\" aria-atomic=\"true\"><\/p> <ul><\/ul><\/div>\n<form action=\"\/en\/wp-json\/wp\/v2\/pages\/17468#wpcf7-f17474-o1\" method=\"post\" class=\"wpcf7-form init cf7_custom_style_1\" aria-label=\"Contact form\" novalidate=\"novalidate\" data-status=\"init\">\n<div style=\"display: none;\">\n<input type=\"hidden\" name=\"_wpcf7\" value=\"17474\" \/>\n<input type=\"hidden\" name=\"_wpcf7_version\" value=\"5.7.7\" \/>\n<input type=\"hidden\" name=\"_wpcf7_locale\" value=\"tr_TR\" \/>\n<input type=\"hidden\" name=\"_wpcf7_unit_tag\" value=\"wpcf7-f17474-o1\" \/>\n<input type=\"hidden\" name=\"_wpcf7_container_post\" value=\"0\" \/>\n<input type=\"hidden\" name=\"_wpcf7_posted_data_hash\" value=\"\" \/>\n<\/div>\n<p>Your Name (required)\n<\/p>\n<p><span class=\"wpcf7-form-control-wrap\" data-name=\"your-name\"><input size=\"40\" class=\"wpcf7-form-control wpcf7-text wpcf7-validates-as-required\" aria-required=\"true\" aria-invalid=\"false\" value=\"\" type=\"text\" name=\"your-name\" \/><\/span>\n<\/p>\n<p>Email (required)\n<\/p>\n<p><span class=\"wpcf7-form-control-wrap\" data-name=\"your-email\"><input size=\"40\" class=\"wpcf7-form-control wpcf7-text wpcf7-email wpcf7-validates-as-required wpcf7-validates-as-email\" aria-required=\"true\" aria-invalid=\"false\" value=\"\" type=\"email\" name=\"your-email\" \/><\/span>\n<\/p>\n<p>Subject\n<\/p>\n<p><span class=\"wpcf7-form-control-wrap\" data-name=\"your-subject\"><input size=\"40\" class=\"wpcf7-form-control wpcf7-text\" aria-invalid=\"false\" value=\"\" type=\"text\" name=\"your-subject\" \/><\/span>\n<\/p>\n<p>Your Message\n<\/p>\n<p><span class=\"wpcf7-form-control-wrap\" data-name=\"your-message\"><textarea cols=\"40\" rows=\"10\" class=\"wpcf7-form-control wpcf7-textarea\" aria-invalid=\"false\" name=\"your-message\"><\/textarea><\/span>\n<\/p>\n<p><input class=\"wpcf7-form-control has-spinner wpcf7-submit\" type=\"submit\" value=\"Send\" \/>\n<\/p><div class=\"wpcf7-response-output\" aria-hidden=\"true\"><\/div>\n<\/form>\n<\/div>\n[\/vc_column][\/vc_row]<\/p>\n","protected":false},"excerpt":{"rendered":"<p>[vc_row row_type=&#8221;row&#8221; use_row_as_full_screen_section=&#8221;no&#8221; type=&#8221;full_width&#8221; angled_section=&#8221;no&#8221; text_align=&#8221;left&#8221; background_image_as_pattern=&#8221;without_pattern&#8221; padding_top=&#8221;0&#8243; padding_bottom=&#8221;50&#8243; css_animation=&#8221;&#8221;][vc_column][\/vc_column][\/vc_row][vc_row row_type=&#8221;row&#8221; use_row_as_full_screen_section=&#8221;no&#8221; type=&#8221;grid&#8221; angled_section=&#8221;no&#8221; text_align=&#8221;left&#8221; background_image_as_pattern=&#8221;without_pattern&#8221; css_animation=&#8221;&#8221;][vc_column width=&#8221;1\/3&#8243;][vc_column_text] INDUSTRIAL DESIGN STUDIO &amp;\u00a0WORKSHOP [\/vc_column_text][vc_separator type=&#8221;transparent&#8221; up=&#8221;6&#8243; down=&#8221;6&#8243;][vc_column_text]Atat\u00fcrk Oto Sanayi Sitesi, 2. K\u0131s\u0131m 27. Sokak No:1113 Maslak\/Sar\u0131yer TR-34398 Istanbul T\u00fcrkiye T: +90 212 275 13 41 F:&#8230;<\/p>\n","protected":false},"author":1,"featured_media":0,"parent":0,"menu_order":0,"comment_status":"open","ping_status":"open","template":"full_width.php","meta":{"footnotes":""},"class_list":["post-17468","page","type-page","status-publish","hentry"],"yoast_head":"<!-- This site is optimized with the Yoast SEO plugin v24.9 - https:\/\/yoast.com\/wordpress\/plugins\/seo\/ -->\n<title>\u0130stanbul Design Studio &amp; Modeling Workshop, Contact | Kilit Tasi Design<\/title>\n<meta name=\"description\" content=\"Our \u0130stanbul Design Studio &amp; Workshop, allows industrial designers to experiment, model and test the industrial design projects sketched in the studio.\" \/>\n<meta name=\"robots\" content=\"index, follow, max-snippet:-1, max-image-preview:large, max-video-preview:-1\" \/>\n<link rel=\"canonical\" href=\"https:\/\/kilittasi.com\/en\/istanbul-design-studio-modeling-workshop\/\" \/>\n<meta property=\"og:locale\" content=\"en_US\" \/>\n<meta property=\"og:type\" content=\"article\" \/>\n<meta property=\"og:title\" content=\"\u0130stanbul Design Studio &amp; Modeling Workshop, Contact | Kilit Tasi Design\" \/>\n<meta property=\"og:description\" content=\"Our \u0130stanbul Design Studio &amp; Workshop, allows industrial designers to experiment, model and test the industrial design projects sketched in the studio.\" \/>\n<meta property=\"og:url\" content=\"https:\/\/kilittasi.com\/en\/istanbul-design-studio-modeling-workshop\/\" \/>\n<meta property=\"og:site_name\" content=\"Kilitta\u015f\u0131 Tasar\u0131m ve Mimarl\u0131k\" \/>\n<meta property=\"article:modified_time\" content=\"2024-06-27T12:45:45+00:00\" \/>\n<meta name=\"twitter:card\" content=\"summary_large_image\" \/>\n<meta name=\"twitter:label1\" content=\"Est. reading time\" \/>\n\t<meta name=\"twitter:data1\" content=\"1 minute\" \/>\n<script type=\"application\/ld+json\" class=\"yoast-schema-graph\">{\"@context\":\"https:\/\/schema.org\",\"@graph\":[{\"@type\":\"WebPage\",\"@id\":\"https:\/\/kilittasi.com\/en\/istanbul-design-studio-modeling-workshop\/\",\"url\":\"https:\/\/kilittasi.com\/en\/istanbul-design-studio-modeling-workshop\/\",\"name\":\"\u0130stanbul Design Studio & Modeling Workshop, Contact | Kilit Tasi Design\",\"isPartOf\":{\"@id\":\"https:\/\/kilittasi.com\/#website\"},\"datePublished\":\"2013-10-16T10:05:38+00:00\",\"dateModified\":\"2024-06-27T12:45:45+00:00\",\"description\":\"Our \u0130stanbul Design Studio & Workshop, allows industrial designers to experiment, model and test the industrial design projects sketched in the studio.\",\"breadcrumb\":{\"@id\":\"https:\/\/kilittasi.com\/en\/istanbul-design-studio-modeling-workshop\/#breadcrumb\"},\"inLanguage\":\"en-US\",\"potentialAction\":[{\"@type\":\"ReadAction\",\"target\":[\"https:\/\/kilittasi.com\/en\/istanbul-design-studio-modeling-workshop\/\"]}]},{\"@type\":\"BreadcrumbList\",\"@id\":\"https:\/\/kilittasi.com\/en\/istanbul-design-studio-modeling-workshop\/#breadcrumb\",\"itemListElement\":[{\"@type\":\"ListItem\",\"position\":1,\"name\":\"Ana sayfa\",\"item\":\"https:\/\/kilittasi.com\/en\/\"},{\"@type\":\"ListItem\",\"position\":2,\"name\":\"Contact, Location\"}]},{\"@type\":\"WebSite\",\"@id\":\"https:\/\/kilittasi.com\/#website\",\"url\":\"https:\/\/kilittasi.com\/\",\"name\":\"Kilitta\u015f\u0131 Tasar\u0131m ve Mimarl\u0131k\",\"description\":\"Just another WordPress site\",\"potentialAction\":[{\"@type\":\"SearchAction\",\"target\":{\"@type\":\"EntryPoint\",\"urlTemplate\":\"https:\/\/kilittasi.com\/?s={search_term_string}\"},\"query-input\":{\"@type\":\"PropertyValueSpecification\",\"valueRequired\":true,\"valueName\":\"search_term_string\"}}],\"inLanguage\":\"en-US\"}]}<\/script>\n<!-- \/ Yoast SEO plugin. -->","yoast_head_json":{"title":"\u0130stanbul Design Studio & Modeling Workshop, Contact | Kilit Tasi Design","description":"Our \u0130stanbul Design Studio & Workshop, allows industrial designers to experiment, model and test the industrial design projects sketched in the studio.","robots":{"index":"index","follow":"follow","max-snippet":"max-snippet:-1","max-image-preview":"max-image-preview:large","max-video-preview":"max-video-preview:-1"},"canonical":"https:\/\/kilittasi.com\/en\/istanbul-design-studio-modeling-workshop\/","og_locale":"en_US","og_type":"article","og_title":"\u0130stanbul Design Studio & Modeling Workshop, Contact | Kilit Tasi Design","og_description":"Our \u0130stanbul Design Studio & Workshop, allows industrial designers to experiment, model and test the industrial design projects sketched in the studio.","og_url":"https:\/\/kilittasi.com\/en\/istanbul-design-studio-modeling-workshop\/","og_site_name":"Kilitta\u015f\u0131 Tasar\u0131m ve Mimarl\u0131k","article_modified_time":"2024-06-27T12:45:45+00:00","twitter_card":"summary_large_image","twitter_misc":{"Est. reading time":"1 minute"},"schema":{"@context":"https:\/\/schema.org","@graph":[{"@type":"WebPage","@id":"https:\/\/kilittasi.com\/en\/istanbul-design-studio-modeling-workshop\/","url":"https:\/\/kilittasi.com\/en\/istanbul-design-studio-modeling-workshop\/","name":"\u0130stanbul Design Studio & Modeling Workshop, Contact | Kilit Tasi Design","isPartOf":{"@id":"https:\/\/kilittasi.com\/#website"},"datePublished":"2013-10-16T10:05:38+00:00","dateModified":"2024-06-27T12:45:45+00:00","description":"Our \u0130stanbul Design Studio & Workshop, allows industrial designers to experiment, model and test the industrial design projects sketched in the studio.","breadcrumb":{"@id":"https:\/\/kilittasi.com\/en\/istanbul-design-studio-modeling-workshop\/#breadcrumb"},"inLanguage":"en-US","potentialAction":[{"@type":"ReadAction","target":["https:\/\/kilittasi.com\/en\/istanbul-design-studio-modeling-workshop\/"]}]},{"@type":"BreadcrumbList","@id":"https:\/\/kilittasi.com\/en\/istanbul-design-studio-modeling-workshop\/#breadcrumb","itemListElement":[{"@type":"ListItem","position":1,"name":"Ana sayfa","item":"https:\/\/kilittasi.com\/en\/"},{"@type":"ListItem","position":2,"name":"Contact, Location"}]},{"@type":"WebSite","@id":"https:\/\/kilittasi.com\/#website","url":"https:\/\/kilittasi.com\/","name":"Kilitta\u015f\u0131 Tasar\u0131m ve Mimarl\u0131k","description":"Just another WordPress site","potentialAction":[{"@type":"SearchAction","target":{"@type":"EntryPoint","urlTemplate":"https:\/\/kilittasi.com\/?s={search_term_string}"},"query-input":{"@type":"PropertyValueSpecification","valueRequired":true,"valueName":"search_term_string"}}],"inLanguage":"en-US"}]}},"_links":{"self":[{"href":"https:\/\/kilittasi.com\/en\/wp-json\/wp\/v2\/pages\/17468","targetHints":{"allow":["GET"]}}],"collection":[{"href":"https:\/\/kilittasi.com\/en\/wp-json\/wp\/v2\/pages"}],"about":[{"href":"https:\/\/kilittasi.com\/en\/wp-json\/wp\/v2\/types\/page"}],"author":[{"embeddable":true,"href":"https:\/\/kilittasi.com\/en\/wp-json\/wp\/v2\/users\/1"}],"replies":[{"embeddable":true,"href":"https:\/\/kilittasi.com\/en\/wp-json\/wp\/v2\/comments?post=17468"}],"version-history":[{"count":10,"href":"https:\/\/kilittasi.com\/en\/wp-json\/wp\/v2\/pages\/17468\/revisions"}],"predecessor-version":[{"id":18828,"href":"https:\/\/kilittasi.com\/en\/wp-json\/wp\/v2\/pages\/17468\/revisions\/18828"}],"wp:attachment":[{"href":"https:\/\/kilittasi.com\/en\/wp-json\/wp\/v2\/media?parent=17468"}],"curies":[{"name":"wp","href":"https:\/\/api.w.org\/{rel}","templated":true}]}}