{"id":17466,"date":"2014-05-16T11:27:19","date_gmt":"2014-05-16T09:27:19","guid":{"rendered":"http:\/\/ayarlariz.biz\/en\/?page_id=17466"},"modified":"2024-06-27T15:04:13","modified_gmt":"2024-06-27T13:04:13","slug":"about-kilit-tasi-industrial-design","status":"publish","type":"page","link":"https:\/\/kilittasi.com\/en\/about-kilit-tasi-industrial-design\/","title":{"rendered":"About Kilit Tasi"},"content":{"rendered":"<p>[vc_row row_type=&#8221;row&#8221; use_row_as_full_screen_section=&#8221;no&#8221; type=&#8221;grid&#8221; anchor=&#8221;portfolio&#8221; angled_section=&#8221;no&#8221; text_align=&#8221;left&#8221; background_image_as_pattern=&#8221;without_pattern&#8221; background_color=&#8221;#ffffff&#8221; border_color=&#8221;#ffffff&#8221; padding_top=&#8221;70&#8243; padding_bottom=&#8221;0&#8243; css_animation=&#8221;&#8221;][vc_column][vc_row_inner row_type=&#8221;row&#8221; type=&#8221;full_width&#8221; text_align=&#8221;left&#8221; css_animation=&#8221;&#8221;][vc_column_inner width=&#8221;1\/2&#8243;][vc_single_image image=&#8221;17257&#8243; img_size=&#8221;full&#8221; qode_css_animation=&#8221;element_from_fade&#8221; transition_delay=&#8221;0.3&#8243;][vc_separator type=&#8221;transparent&#8221; up=&#8221;69&#8243; down=&#8221;0&#8243;][\/vc_column_inner][vc_column_inner width=&#8221;1\/2&#8243;][vc_single_image image=&#8221;17260&#8243; img_size=&#8221;full&#8221; qode_css_animation=&#8221;element_from_fade&#8221; transition_delay=&#8221;0.3&#8243;][vc_separator type=&#8221;transparent&#8221; up=&#8221;69&#8243; down=&#8221;0&#8243;][\/vc_column_inner][\/vc_row_inner][\/vc_column][\/vc_row][vc_row row_type=&#8221;row&#8221; use_row_as_full_screen_section=&#8221;no&#8221; type=&#8221;grid&#8221; angled_section=&#8221;no&#8221; text_align=&#8221;left&#8221; background_image_as_pattern=&#8221;without_pattern&#8221; css_animation=&#8221;&#8221;][vc_column][vc_column_text]Kilit Tasi Design is an interdisciplinary creative practice specializing in industrial product design. At Kilit Tasi, we prefer to play an active role in every stage of the design process, from the development of initial ideas until the launch of the final product to the consumer.<\/p>\n<p>&nbsp;<\/p>\n<p>Since 1996, Kilit Tasi Design has been actively providing design services to companies in widely diverse sectors, ranging from electrical household appliances, domestic and personal hygiene products, lighting, packaging, automotive electronics, stationery and medical equipment, to the carpeting and furniture industries.<\/p>\n<p>&nbsp;<\/p>\n<p>Aksu, Atlas, Arzum, Banat, B\u0131cakc\u0131lar, Gondol, Mas, Primanova, Pelit, Scrikss, Sunny, Umur are among the companies that have already utilized\u00a0 Kilit Tasi Design services. With dozens of manufactured products in its portfolio, Kilit Tasi Design Team has participated in numerous national and international exhibitions, and <a href=\"https:\/\/kilittasi.com\/en\/industrial-design-awards\/\"><span style=\"text-decoration: underline;\">has received a variety of <em>awards<\/em><\/span><\/a>.<\/p>\n<p>&nbsp;<\/p>\n<p>Presently, Kilit Tasi Design has two work spaces, the office and the workshop. Each new design project is launched in the office with initial sketches, then continues on its way to the workshop for study models that allow dimensional and ergonomic checks. The workshop also serves as a play area for experimentation and developing conceptual ideas for various projects, including our own designer brand, <em><span style=\"text-decoration: underline;\"><a href=\"http:\/\/www.zula.com.tr\/\" target=\"_blank\" rel=\"noopener\"><strong>ZULA<\/strong><\/a><\/span><\/em>.[\/vc_column_text][vc_separator type=&#8221;transparent&#8221; up=&#8221;69&#8243; down=&#8221;0&#8243;][vc_row_inner row_type=&#8221;row&#8221; type=&#8221;full_width&#8221; text_align=&#8221;left&#8221; css_animation=&#8221;&#8221;][vc_column_inner width=&#8221;1\/2&#8243;][vc_single_image image=&#8221;18838&#8243; img_size=&#8221;full&#8221; qode_css_animation=&#8221;element_from_fade&#8221; transition_delay=&#8221;0.3&#8243;][vc_separator type=&#8221;transparent&#8221; up=&#8221;69&#8243; down=&#8221;0&#8243;][\/vc_column_inner][vc_column_inner width=&#8221;1\/2&#8243;][vc_single_image image=&#8221;18837&#8243; img_size=&#8221;full&#8221; qode_css_animation=&#8221;element_from_fade&#8221; transition_delay=&#8221;0.3&#8243;][vc_separator type=&#8221;transparent&#8221; up=&#8221;69&#8243; down=&#8221;0&#8243;][\/vc_column_inner][\/vc_row_inner][\/vc_column][\/vc_row]<\/p>\n","protected":false},"excerpt":{"rendered":"<p>[vc_row row_type=&#8221;row&#8221; use_row_as_full_screen_section=&#8221;no&#8221; type=&#8221;grid&#8221; anchor=&#8221;portfolio&#8221; angled_section=&#8221;no&#8221; text_align=&#8221;left&#8221; background_image_as_pattern=&#8221;without_pattern&#8221; background_color=&#8221;#ffffff&#8221; border_color=&#8221;#ffffff&#8221; padding_top=&#8221;70&#8243; padding_bottom=&#8221;0&#8243; css_animation=&#8221;&#8221;][vc_column][vc_row_inner row_type=&#8221;row&#8221; type=&#8221;full_width&#8221; text_align=&#8221;left&#8221; css_animation=&#8221;&#8221;][vc_column_inner width=&#8221;1\/2&#8243;][vc_single_image image=&#8221;17257&#8243; img_size=&#8221;full&#8221; qode_css_animation=&#8221;element_from_fade&#8221; transition_delay=&#8221;0.3&#8243;][vc_separator type=&#8221;transparent&#8221; up=&#8221;69&#8243; down=&#8221;0&#8243;][\/vc_column_inner][vc_column_inner width=&#8221;1\/2&#8243;][vc_single_image image=&#8221;17260&#8243; img_size=&#8221;full&#8221; qode_css_animation=&#8221;element_from_fade&#8221; transition_delay=&#8221;0.3&#8243;][vc_separator type=&#8221;transparent&#8221; up=&#8221;69&#8243; down=&#8221;0&#8243;][\/vc_column_inner][\/vc_row_inner][\/vc_column][\/vc_row][vc_row row_type=&#8221;row&#8221; use_row_as_full_screen_section=&#8221;no&#8221; type=&#8221;grid&#8221; angled_section=&#8221;no&#8221; text_align=&#8221;left&#8221; background_image_as_pattern=&#8221;without_pattern&#8221; css_animation=&#8221;&#8221;][vc_column][vc_column_text]Kilit Tasi Design is an interdisciplinary&#8230;<\/p>\n","protected":false},"author":1,"featured_media":0,"parent":0,"menu_order":0,"comment_status":"open","ping_status":"open","template":"full_width.php","meta":{"footnotes":""},"class_list":["post-17466","page","type-page","status-publish","hentry"],"yoast_head":"<!-- This site is optimized with the Yoast SEO plugin v24.9 - https:\/\/yoast.com\/wordpress\/plugins\/seo\/ -->\n<title>About Kilit Tasi, Industrial Design Studio and Workshop | Kilit Tasi Design<\/title>\n<meta name=\"description\" content=\"Experienced &amp; Rewarded Industrial Design Team. Creative practice specializing in industrial product design.Patented products, Innovation, Kunter \u015eekercio\u011flu\" \/>\n<meta name=\"robots\" content=\"index, follow, max-snippet:-1, max-image-preview:large, max-video-preview:-1\" \/>\n<link rel=\"canonical\" href=\"https:\/\/kilittasi.com\/en\/about-kilit-tasi-industrial-design\/\" \/>\n<meta property=\"og:locale\" content=\"en_US\" \/>\n<meta property=\"og:type\" content=\"article\" \/>\n<meta property=\"og:title\" content=\"About Kilit Tasi, Industrial Design Studio and Workshop | Kilit Tasi Design\" \/>\n<meta property=\"og:description\" content=\"Experienced &amp; Rewarded Industrial Design Team. Creative practice specializing in industrial product design.Patented products, Innovation, Kunter \u015eekercio\u011flu\" \/>\n<meta property=\"og:url\" content=\"https:\/\/kilittasi.com\/en\/about-kilit-tasi-industrial-design\/\" \/>\n<meta property=\"og:site_name\" content=\"Kilitta\u015f\u0131 Tasar\u0131m ve Mimarl\u0131k\" \/>\n<meta property=\"article:modified_time\" content=\"2024-06-27T13:04:13+00:00\" \/>\n<meta name=\"twitter:card\" content=\"summary_large_image\" \/>\n<meta name=\"twitter:label1\" content=\"Est. reading time\" \/>\n\t<meta name=\"twitter:data1\" content=\"3 minutes\" \/>\n<script type=\"application\/ld+json\" class=\"yoast-schema-graph\">{\"@context\":\"https:\/\/schema.org\",\"@graph\":[{\"@type\":\"WebPage\",\"@id\":\"https:\/\/kilittasi.com\/en\/about-kilit-tasi-industrial-design\/\",\"url\":\"https:\/\/kilittasi.com\/en\/about-kilit-tasi-industrial-design\/\",\"name\":\"About Kilit Tasi, Industrial Design Studio and Workshop | Kilit Tasi Design\",\"isPartOf\":{\"@id\":\"https:\/\/kilittasi.com\/#website\"},\"datePublished\":\"2014-05-16T09:27:19+00:00\",\"dateModified\":\"2024-06-27T13:04:13+00:00\",\"description\":\"Experienced & Rewarded Industrial Design Team. Creative practice specializing in industrial product design.Patented products, Innovation, Kunter \u015eekercio\u011flu\",\"breadcrumb\":{\"@id\":\"https:\/\/kilittasi.com\/en\/about-kilit-tasi-industrial-design\/#breadcrumb\"},\"inLanguage\":\"en-US\",\"potentialAction\":[{\"@type\":\"ReadAction\",\"target\":[\"https:\/\/kilittasi.com\/en\/about-kilit-tasi-industrial-design\/\"]}]},{\"@type\":\"BreadcrumbList\",\"@id\":\"https:\/\/kilittasi.com\/en\/about-kilit-tasi-industrial-design\/#breadcrumb\",\"itemListElement\":[{\"@type\":\"ListItem\",\"position\":1,\"name\":\"Ana sayfa\",\"item\":\"https:\/\/kilittasi.com\/en\/\"},{\"@type\":\"ListItem\",\"position\":2,\"name\":\"About Kilit Tasi\"}]},{\"@type\":\"WebSite\",\"@id\":\"https:\/\/kilittasi.com\/#website\",\"url\":\"https:\/\/kilittasi.com\/\",\"name\":\"Kilitta\u015f\u0131 Tasar\u0131m ve Mimarl\u0131k\",\"description\":\"Just another WordPress site\",\"potentialAction\":[{\"@type\":\"SearchAction\",\"target\":{\"@type\":\"EntryPoint\",\"urlTemplate\":\"https:\/\/kilittasi.com\/?s={search_term_string}\"},\"query-input\":{\"@type\":\"PropertyValueSpecification\",\"valueRequired\":true,\"valueName\":\"search_term_string\"}}],\"inLanguage\":\"en-US\"}]}<\/script>\n<!-- \/ Yoast SEO plugin. -->","yoast_head_json":{"title":"About Kilit Tasi, Industrial Design Studio and Workshop | Kilit Tasi Design","description":"Experienced & Rewarded Industrial Design Team. Creative practice specializing in industrial product design.Patented products, Innovation, Kunter \u015eekercio\u011flu","robots":{"index":"index","follow":"follow","max-snippet":"max-snippet:-1","max-image-preview":"max-image-preview:large","max-video-preview":"max-video-preview:-1"},"canonical":"https:\/\/kilittasi.com\/en\/about-kilit-tasi-industrial-design\/","og_locale":"en_US","og_type":"article","og_title":"About Kilit Tasi, Industrial Design Studio and Workshop | Kilit Tasi Design","og_description":"Experienced & Rewarded Industrial Design Team. Creative practice specializing in industrial product design.Patented products, Innovation, Kunter \u015eekercio\u011flu","og_url":"https:\/\/kilittasi.com\/en\/about-kilit-tasi-industrial-design\/","og_site_name":"Kilitta\u015f\u0131 Tasar\u0131m ve Mimarl\u0131k","article_modified_time":"2024-06-27T13:04:13+00:00","twitter_card":"summary_large_image","twitter_misc":{"Est. reading time":"3 minutes"},"schema":{"@context":"https:\/\/schema.org","@graph":[{"@type":"WebPage","@id":"https:\/\/kilittasi.com\/en\/about-kilit-tasi-industrial-design\/","url":"https:\/\/kilittasi.com\/en\/about-kilit-tasi-industrial-design\/","name":"About Kilit Tasi, Industrial Design Studio and Workshop | Kilit Tasi Design","isPartOf":{"@id":"https:\/\/kilittasi.com\/#website"},"datePublished":"2014-05-16T09:27:19+00:00","dateModified":"2024-06-27T13:04:13+00:00","description":"Experienced & Rewarded Industrial Design Team. Creative practice specializing in industrial product design.Patented products, Innovation, Kunter \u015eekercio\u011flu","breadcrumb":{"@id":"https:\/\/kilittasi.com\/en\/about-kilit-tasi-industrial-design\/#breadcrumb"},"inLanguage":"en-US","potentialAction":[{"@type":"ReadAction","target":["https:\/\/kilittasi.com\/en\/about-kilit-tasi-industrial-design\/"]}]},{"@type":"BreadcrumbList","@id":"https:\/\/kilittasi.com\/en\/about-kilit-tasi-industrial-design\/#breadcrumb","itemListElement":[{"@type":"ListItem","position":1,"name":"Ana sayfa","item":"https:\/\/kilittasi.com\/en\/"},{"@type":"ListItem","position":2,"name":"About Kilit Tasi"}]},{"@type":"WebSite","@id":"https:\/\/kilittasi.com\/#website","url":"https:\/\/kilittasi.com\/","name":"Kilitta\u015f\u0131 Tasar\u0131m ve Mimarl\u0131k","description":"Just another WordPress site","potentialAction":[{"@type":"SearchAction","target":{"@type":"EntryPoint","urlTemplate":"https:\/\/kilittasi.com\/?s={search_term_string}"},"query-input":{"@type":"PropertyValueSpecification","valueRequired":true,"valueName":"search_term_string"}}],"inLanguage":"en-US"}]}},"_links":{"self":[{"href":"https:\/\/kilittasi.com\/en\/wp-json\/wp\/v2\/pages\/17466","targetHints":{"allow":["GET"]}}],"collection":[{"href":"https:\/\/kilittasi.com\/en\/wp-json\/wp\/v2\/pages"}],"about":[{"href":"https:\/\/kilittasi.com\/en\/wp-json\/wp\/v2\/types\/page"}],"author":[{"embeddable":true,"href":"https:\/\/kilittasi.com\/en\/wp-json\/wp\/v2\/users\/1"}],"replies":[{"embeddable":true,"href":"https:\/\/kilittasi.com\/en\/wp-json\/wp\/v2\/comments?post=17466"}],"version-history":[{"count":14,"href":"https:\/\/kilittasi.com\/en\/wp-json\/wp\/v2\/pages\/17466\/revisions"}],"predecessor-version":[{"id":17802,"href":"https:\/\/kilittasi.com\/en\/wp-json\/wp\/v2\/pages\/17466\/revisions\/17802"}],"wp:attachment":[{"href":"https:\/\/kilittasi.com\/en\/wp-json\/wp\/v2\/media?parent=17466"}],"curies":[{"name":"wp","href":"https:\/\/api.w.org\/{rel}","templated":true}]}}